{"id":15168,"date":"2019-12-19T08:47:31","date_gmt":"2019-12-19T08:47:31","guid":{"rendered":"https:\/\/mcbc.mc\/conditions-generales-dutilisation\/"},"modified":"2019-12-19T08:47:31","modified_gmt":"2019-12-19T08:47:31","slug":"conditions-generales-dutilisation","status":"publish","type":"page","link":"https:\/\/mcbc.mc\/en\/conditions-generales-dutilisation\/","title":{"rendered":"Conditions G\u00e9n\u00e9rales d\u2019Utilisation"},"content":{"rendered":"<h2>1. Objet et d\u00e9finitions<\/h2>\n<p>La soci\u00e9t\u00e9 Monte-Carlo Business Center, soci\u00e9t\u00e9 au capital de 15 000 \u20ac, dont le si\u00e8ge social est situ\u00e9 17 avenue des Sp\u00e9lugues, immatricul\u00e9e au Registre du Commerce et des Soci\u00e9t\u00e9s sous le num\u00e9ro <strong>1GS082G5<\/strong>, a d\u00e9velopp\u00e9 un programme de fid\u00e9lit\u00e9 d\u00e9nomm\u00e9 le \u00ab MCBC MEMBER CARD \u00bb con\u00e7u pour un programme Fid\u00e9lit\u00e9 pour nos membres.<\/p>\n<p>Toute r\u00e9f\u00e9rence \u00e0 \u00ab nous \u00bb ou \u00ab notre \u00bb dans le cadre de ces Conditions G\u00e9n\u00e9rales d\u00e9signe le Monte-Carlo Business Center.<\/p>\n<p>Toute r\u00e9f\u00e9rence \u00e0 \u00ab vous \u00bb, \u00ab votre \u00bb ou \u00ab l\u2019Adh\u00e9rent \u00bb vous d\u00e9signe, en qualit\u00e9 d\u2019adh\u00e9rent au Programme de Fid\u00e9lit\u00e9.<\/p>\n<p>Les pr\u00e9sentes conditions g\u00e9n\u00e9rales d\u2019utilisation (ci-apr\u00e8s les \u00ab CGU \u00bb ou \u00ab Conditions G\u00e9n\u00e9rales \u00bb) r\u00e9gissent le Programme de Fid\u00e9lit\u00e9 et s\u2019appliquent \u00e0 tous les participants \u00e0 compter de leur adh\u00e9sion.<\/p>\n<h2>2. P\u00e9rim\u00e8tre<\/h2>\n<p>Le Programme de Fid\u00e9lit\u00e9 est en vigueur dans l\u2019ensemble des \u00e9tablissements choisis.<\/p>\n<h2>3. Modalit\u00e9s d\u2019adh\u00e9sion au Programme de Fid\u00e9lit\u00e9<\/h2>\n<p>L\u2019adh\u00e9sion au Programme de Fid\u00e9lit\u00e9 (ci-apr\u00e8s \u00ab l\u2019Adh\u00e9sion \u00bb) s\u2019effectue au sein du Monte- Carlo Business Center \u00e9tant pr\u00e9cis\u00e9 que toute adh\u00e9sion au Programme de Fid\u00e9lit\u00e9 est strictement gratuite et n\u2019est soumise \u00e0 aucune condition d\u2019achat.<\/p>\n<p>Lors de votre Adh\u00e9sion, un certain nombre de renseignements vous seront demand\u00e9s, tels qu\u2019indiqu\u00e9s ci-apr\u00e8s :<\/p>\n<p>Renseignements obligatoires :<\/p>\n<ul>\n<li>Nom,<\/li>\n<li>Pr\u00e9nom,<\/li>\n<li>Nom entreprise<\/li>\n<li>Adresse e-mail,<\/li>\n<li>Date de naissance,<\/li>\n<li>Pays de r\u00e9sidence.<\/li>\n<li>Civilit\u00e9<\/li>\n<li>Num\u00e9ro de t\u00e9l\u00e9phone portable<\/li>\n<li>Activit\u00e9 de votre entreprise<\/li>\n<\/ul>\n<p>Vous devrez \u00e9galement nous indiquer si vous souhaitez recevoir des communications relatives aux marques partenaires, soit en cochant la case pr\u00e9vue \u00e0 cet effet sur le formulaire d\u2019adh\u00e9sion,<br \/>\nsoit en l\u2019acceptant directement et express\u00e9ment sur votre Carte de Fid\u00e9lit\u00e9 Mobile (telle que d\u00e9finie ci-apr\u00e8s) apr\u00e8s votre inscription sur le Site.<\/p>\n<p>Une notification confirmant votre Adh\u00e9sion et l\u2019activation de votre Carte de Fid\u00e9lit\u00e9 Mobile vous sera envoy\u00e9e suivant votre inscription, \u00e0 la condition expresse que vous ayez renseign\u00e9 votre adresse e-mail.<\/p>\n<p>Vous garantissez l\u2019exactitude de toutes les informations fournies et serez seul responsable de toute indication erron\u00e9e, incompl\u00e8te ou obsol\u00e8te.<\/p>\n<p>Nous ne pourrons en effet \u00eatre en aucun cas tenus pour responsables en cas de non- r\u00e9ception d\u2019une offre du fait d\u2019informations obsol\u00e8tes, mal ou non renseign\u00e9es.<\/p>\n<p>Le Programme de Fid\u00e9lit\u00e9 est propos\u00e9 uniquement aux clients, personnes physiques de 16 ans et plus. Les mineurs de 16 ans et plus souhaitant adh\u00e9rer au Programme de fid\u00e9lit\u00e9 doivent obtenir l\u2019autorisation de leur repr\u00e9sentant l\u00e9gal. Le MCBC se r\u00e9serve le droit d\u2019en demander le justificatif \u00e0 tout moment.<\/p>\n<p>L\u2019Adh\u00e9sion est strictement personnelle, vous seul pouvez b\u00e9n\u00e9ficier des avantages d\u00e9crits ci-dessous.<\/p>\n<p>L\u2019utilisation par toute personne tierce est interdite et ne pourra \u00eatre accept\u00e9e par aucun serveur\/vendeur, en cas de pr\u00e9sentation en caisse.<\/p>\n<p>Vous ne pouvez d\u00e9tenir qu\u2019une seule Carte de Fid\u00e9lit\u00e9 Mobile. A ce titre, et dans le cas o\u00f9 une adresse e-mail ou un num\u00e9ro de t\u00e9l\u00e9phone portable seraient associ\u00e9s \u00e0 plusieurs cartes de fid\u00e9lit\u00e9, nous nous octroyons la facult\u00e9 de fusionner lesdites cartes de fid\u00e9lit\u00e9 sur une seule et unique Carte de Fid\u00e9lit\u00e9 Mobile. Dans ces conditions, les points toujours valides seront cumul\u00e9s.<\/p>\n<p><strong>10 % de r\u00e9duction<\/strong> dans l\u2019ensemble de nos \u00e9tablissements partenaires, permettant ainsi \u00e0 nos membres de b\u00e9n\u00e9ficier d\u2019avantages imm\u00e9diats sur une s\u00e9lection de services\/ produits haut de gamme.<\/p>\n<p><strong>Acc\u00e8s privil\u00e9gi\u00e9<\/strong> aux Business Centers les plus prestigieux de <strong>Paris<\/strong> et <strong>Londres<\/strong>, offrant \u00e0 nos membres la possibilit\u00e9 de profiter d\u2019espaces de travail de standing lors de leurs d\u00e9placements.<\/p>\n<h2>4. Donn\u00e9es personnelles de l\u2019utilisateur<\/h2>\n<p>Les donn\u00e9es personnelles communiqu\u00e9es par l\u2019Adh\u00e9rent dans le cadre du Programme de Fid\u00e9lit\u00e9 sont strictement confidentielles et \u00e0 l\u2019usage exclusif du Monte-Carlo Business Center, en sa qualit\u00e9 de responsable de traitement, aux seules fins du fonctionnement du Programme de Fid\u00e9lit\u00e9 et afin d\u2019informer l\u2019Adh\u00e9rent, sous r\u00e9serve de son consentement explicite, des offres privil\u00e9gi\u00e9es des marques. \u00c0 ce titre, elles seront conserv\u00e9es pendant une dur\u00e9e de trois (3) ans apr\u00e8s le dernier contact.<\/p>\n<p>En application de la loi Informatique et Libert\u00e9s du 6 janvier 1978 modifi\u00e9e, et du R\u00e8glement Europ\u00e9en G\u00e9n\u00e9ral sur la Protection des Donn\u00e9es du 27 avril 2016 n\u00b02016\/679, l\u2019Adh\u00e9rent dispose d\u2019un droit d\u2019acc\u00e8s, de rectification, de suppression, de portabilit\u00e9, de limitation et d\u2019opposition au traitement des donn\u00e9es le concernant, ainsi que du droit de d\u00e9finir des directives relatives au sort de ses donn\u00e9es apr\u00e8s son d\u00e9c\u00e8s, aupr\u00e8s et pendant la dur\u00e9e d\u2019existence du Programme de fid\u00e9lit\u00e9, en \u00e9crivant \u00e0 cforni@mcbc.mc par courrier postal \u00e0 l\u2019adresse suivante : c\/o Monte-Carlo Business Center , 17 avenue des Sp\u00e9lugues. L\u2019Adh\u00e9rent qui souhaite exercer ses droits doit adresser sa demande accompagn\u00e9e d\u2019une copie d\u2019un titre d\u2019identit\u00e9.<\/p>\n<p>L\u2019Adh\u00e9rent peut retirer son consentement \u00e0 tout moment, et introduire une r\u00e9clamation aupr\u00e8s d\u2019une autorit\u00e9 de contr\u00f4le.<\/p>\n<p>L\u2019Adh\u00e9rent qui exercerait ses droits de suppression, de limitation ou d\u2019opposition au traitement de ses donn\u00e9es personnelles sera r\u00e9put\u00e9 renoncer \u00e0 son utilisation du Programme de Fid\u00e9lit\u00e9.<\/p>\n<h2>5. Les avantages du Programme de Fid\u00e9lit\u00e9<\/h2>\n<p>La carte membre offre aux <strong>clients<\/strong> et <strong>membres du MCBC<\/strong> un ensemble d\u2019avantages exclusifs, sp\u00e9cialement con\u00e7us pour enrichir leur exp\u00e9rience au sein du Monte-Carlo Business Center :<\/p>\n<p>Ce programme de fid\u00e9lit\u00e9 a \u00e9t\u00e9 pens\u00e9 pour accompagner au mieux nos <strong>clients<\/strong> et <strong>membres<\/strong>, tout en leur donnant acc\u00e8s \u00e0 des services premium en toute simplicit\u00e9.<\/p>\n<h2>6. Responsabilit\u00e9<\/h2>\n<p>Le Monte-Carlo Business Center d\u00e9cline toute responsabilit\u00e9 quant \u00e0 tout pr\u00e9judice d\u00e9coulant de ou en relation directe avec les services ou avantages fournis ou non fournis dans le cadre du Programme de Fid\u00e9lit\u00e9, et ne pourra \u00e9galement pas \u00eatre tenu responsable et n\u2019effectuera aucun remplacement ni remboursement de la Carte de Fid\u00e9lit\u00e9 en cas de perte, de vol ou de d\u00e9t\u00e9rioration.<\/p>\n<p>Le MCBC ne pourra \u00eatre tenu responsable de tout dysfonctionnement du Programme de Fid\u00e9lit\u00e9 r\u00e9sultant d\u2019une mauvaise utilisation, d\u2019une alt\u00e9ration ou d\u2019une manipulation non conforme.<\/p>\n<h2>7. Utilisation frauduleuse<\/h2>\n<p>Le Programme de Fid\u00e9lit\u00e9 est un programme visant \u00e0 procurer des avantages aux Adh\u00e9rents et suppose que l\u2019Adh\u00e9rent respecte les Conditions G\u00e9n\u00e9rales et adopte un comportement loyal vis-\u00e0-vis du MCBC et respectueuse des marques partenaires.<\/p>\n<p>Aussi :<\/p>\n<ol>\n<li>Tout manquement aux Conditions G\u00e9n\u00e9rales ;<\/li>\n<li>Toute utilisation frauduleuse par l\u2019Adh\u00e9rent au Programme de Fid\u00e9lit\u00e9 ou par tout tiers agissant pour le compte de l\u2019Adh\u00e9rent ;<\/li>\n<li>Tout agissement visant \u00e0 perturber le Programme de Fid\u00e9lit\u00e9 ;<\/li>\n<\/ol>\n<p>Entra\u00eenera de plein droit la d\u00e9sactivation et la suppression du compte fid\u00e9lit\u00e9 sans compensation ni indemnisation d\u2019aucune sorte.<\/p>\n<p>Nous nous r\u00e9servons le droit d\u2019effectuer, \u00e0 tout moment, des contr\u00f4les sur le respect des Conditions G\u00e9n\u00e9rales.<\/p>\n<h2>G. Modification ou arr\u00eat du programme de fid\u00e9lit\u00e9<\/h2>\n<p>Le Monte-Carlo Business Center se r\u00e9serve le droit de modifier ou de supprimer \u00e0 tout moment le Programme de Fid\u00e9lit\u00e9 (conditions d\u2019adh\u00e9sion, avantages li\u00e9s \u00e0 la Carte de Fid\u00e9lit\u00e9 Mobile\u2026) et\/ou les modalit\u00e9s d\u2019utilisation de la Carte de Fid\u00e9lit\u00e9 Mobile et physique.<\/p>\n<p>Le Programme de Fid\u00e9lit\u00e9, ne peut pas \u00eatre utilis\u00e9 pour l\u2019achat d\u2019autres cartes cadeaux et\/ou avantages en dehors de ceux \u00e9nonc\u00e9s dans les pr\u00e9sentes Conditions G\u00e9n\u00e9rales, ni \u00e9chang\u00e9 contre de l\u2019argent, ni partiellement rembours\u00e9.<\/p>\n<h2>10. Non-renonciation<\/h2>\n<p>Le fait pour l\u2019une ou l\u2019autre des parties de ne pas agir au titre des Conditions G\u00e9n\u00e9rales ne constitue pas pour autant une renonciation au droit d\u2019agir, sauf renonciation expresse et \u00e9crite.<\/p>\n<h2>11. Stipulations g\u00e9n\u00e9rales<\/h2>\n<p>Ces Conditions G\u00e9n\u00e9rales s\u2019appliquent \u00e0 compter du 01\/12\/2025.<\/p>\n<p>Le Monte-Carlo Business Center se r\u00e9serve le droit de modifier les pr\u00e9sentes Conditions G\u00e9n\u00e9rales \u00e0 tout moment. Les nouvelles conditions s\u2019appliqueront imm\u00e9diatement \u00e0 toutes les Cartes \u00e9mises apr\u00e8s leur publication.<\/p>\n<p>Le simple fait d\u2019adh\u00e9rer au Programme de Fid\u00e9lit\u00e9 entra\u00eene l\u2019acceptation enti\u00e8re et sans r\u00e9serve des Conditions G\u00e9n\u00e9rales.<\/p>\n<p>Les Conditions G\u00e9n\u00e9rales sont r\u00e9gies par le droit mon\u00e9gasque. Si l\u2019une quelconque des stipulations des pr\u00e9sentes Conditions G\u00e9n\u00e9rales est jug\u00e9e invalide, nulle ou inapplicable pour quelque raison que ce soit, cette stipulation n\u2019affectera pas la validit\u00e9 et l\u2019applicabilit\u00e9 des autres stipulations des Conditions G\u00e9n\u00e9rales.<\/p>\n","protected":false},"excerpt":{"rendered":"<p>1. Objet et d\u00e9finitions La soci\u00e9t\u00e9 Monte-Carlo Business Center, soci\u00e9t\u00e9 [&hellip;]<\/p>\n","protected":false},"author":1,"featured_media":0,"parent":0,"menu_order":99,"comment_status":"closed","ping_status":"closed","template":"","meta":{"_acf_changed":false,"footnotes":""},"class_list":["post-15168","page","type-page","status-publish","hentry"],"acf":[],"yoast_head":"<!-- This site is optimized with the Yoast SEO plugin v27.1.1 - https:\/\/yoast.com\/product\/yoast-seo-wordpress\/ -->\n<title>Conditions G\u00e9n\u00e9rales d\u2019Utilisation - Monte-Carlo Business Center<\/title>\n<meta name=\"robots\" content=\"index, follow, max-snippet:-1, max-image-preview:large, max-video-preview:-1\" \/>\n<link rel=\"canonical\" href=\"https:\/\/mcbc.mc\/en\/conditions-generales-dutilisation\/\" \/>\n<meta property=\"og:locale\" content=\"en_US\" \/>\n<meta property=\"og:type\" content=\"article\" \/>\n<meta property=\"og:title\" content=\"Conditions G\u00e9n\u00e9rales d\u2019Utilisation - Monte-Carlo Business Center\" \/>\n<meta property=\"og:description\" content=\"1. Objet et d\u00e9finitions La soci\u00e9t\u00e9 Monte-Carlo Business Center, soci\u00e9t\u00e9 [&hellip;]\" \/>\n<meta property=\"og:url\" content=\"https:\/\/mcbc.mc\/en\/conditions-generales-dutilisation\/\" \/>\n<meta property=\"og:site_name\" content=\"Monte-Carlo Business Center\" \/>\n<meta property=\"article:publisher\" content=\"https:\/\/www.facebook.com\/montecarlobusinesscenter\" \/>\n<meta name=\"twitter:card\" content=\"summary_large_image\" \/>\n<meta name=\"twitter:site\" content=\"@mcbc_monaco\" \/>\n<meta name=\"twitter:label1\" content=\"Est. reading time\" \/>\n\t<meta name=\"twitter:data1\" content=\"7 minutes\" \/>\n<script type=\"application\/ld+json\" class=\"yoast-schema-graph\">{\"@context\":\"https:\/\/schema.org\",\"@graph\":[{\"@type\":\"WebPage\",\"@id\":\"https:\/\/mcbc.mc\/en\/conditions-generales-dutilisation\/\",\"url\":\"https:\/\/mcbc.mc\/en\/conditions-generales-dutilisation\/\",\"name\":\"Conditions G\u00e9n\u00e9rales d\u2019Utilisation - Monte-Carlo Business Center\",\"isPartOf\":{\"@id\":\"https:\/\/mcbc.mc\/en\/#website\"},\"datePublished\":\"2019-12-19T08:47:31+00:00\",\"breadcrumb\":{\"@id\":\"https:\/\/mcbc.mc\/en\/conditions-generales-dutilisation\/#breadcrumb\"},\"inLanguage\":\"en-US\",\"potentialAction\":[{\"@type\":\"ReadAction\",\"target\":[\"https:\/\/mcbc.mc\/en\/conditions-generales-dutilisation\/\"]}]},{\"@type\":\"BreadcrumbList\",\"@id\":\"https:\/\/mcbc.mc\/en\/conditions-generales-dutilisation\/#breadcrumb\",\"itemListElement\":[{\"@type\":\"ListItem\",\"position\":1,\"name\":\"Accueil\",\"item\":\"https:\/\/mcbc.mc\/en\/\"},{\"@type\":\"ListItem\",\"position\":2,\"name\":\"Conditions G\u00e9n\u00e9rales d\u2019Utilisation\"}]},{\"@type\":\"WebSite\",\"@id\":\"https:\/\/mcbc.mc\/en\/#website\",\"url\":\"https:\/\/mcbc.mc\/en\/\",\"name\":\"Monte-Carlo Business Center\",\"description\":\"Just another WordPress site\",\"publisher\":{\"@id\":\"https:\/\/mcbc.mc\/en\/#organization\"},\"potentialAction\":[{\"@type\":\"SearchAction\",\"target\":{\"@type\":\"EntryPoint\",\"urlTemplate\":\"https:\/\/mcbc.mc\/en\/?s={search_term_string}\"},\"query-input\":{\"@type\":\"PropertyValueSpecification\",\"valueRequired\":true,\"valueName\":\"search_term_string\"}}],\"inLanguage\":\"en-US\"},{\"@type\":\"Organization\",\"@id\":\"https:\/\/mcbc.mc\/en\/#organization\",\"name\":\"Monte-Carlo Business Center\",\"url\":\"https:\/\/mcbc.mc\/en\/\",\"logo\":{\"@type\":\"ImageObject\",\"inLanguage\":\"en-US\",\"@id\":\"https:\/\/mcbc.mc\/en\/#\/schema\/logo\/image\/\",\"url\":\"http:\/\/192.168.128.113\/mcbc.mc\/wp-content\/uploads\/2020\/09\/Logo-Newsletter-MCBC.jpg\",\"contentUrl\":\"http:\/\/192.168.128.113\/mcbc.mc\/wp-content\/uploads\/2020\/09\/Logo-Newsletter-MCBC.jpg\",\"width\":200,\"height\":110,\"caption\":\"Monte-Carlo Business Center\"},\"image\":{\"@id\":\"https:\/\/mcbc.mc\/en\/#\/schema\/logo\/image\/\"},\"sameAs\":[\"https:\/\/www.facebook.com\/montecarlobusinesscenter\",\"https:\/\/x.com\/mcbc_monaco\",\"https:\/\/www.instagram.com\/montecarlobusinesscenter\/\",\"https:\/\/www.linkedin.com\/company\/34886724\/\"]}]}<\/script>\n<!-- \/ Yoast SEO plugin. -->","yoast_head_json":{"title":"Conditions G\u00e9n\u00e9rales d\u2019Utilisation - Monte-Carlo Business Center","robots":{"index":"index","follow":"follow","max-snippet":"max-snippet:-1","max-image-preview":"max-image-preview:large","max-video-preview":"max-video-preview:-1"},"canonical":"https:\/\/mcbc.mc\/en\/conditions-generales-dutilisation\/","og_locale":"en_US","og_type":"article","og_title":"Conditions G\u00e9n\u00e9rales d\u2019Utilisation - Monte-Carlo Business Center","og_description":"1. Objet et d\u00e9finitions La soci\u00e9t\u00e9 Monte-Carlo Business Center, soci\u00e9t\u00e9 [&hellip;]","og_url":"https:\/\/mcbc.mc\/en\/conditions-generales-dutilisation\/","og_site_name":"Monte-Carlo Business Center","article_publisher":"https:\/\/www.facebook.com\/montecarlobusinesscenter","twitter_card":"summary_large_image","twitter_site":"@mcbc_monaco","twitter_misc":{"Est. reading time":"7 minutes"},"schema":{"@context":"https:\/\/schema.org","@graph":[{"@type":"WebPage","@id":"https:\/\/mcbc.mc\/en\/conditions-generales-dutilisation\/","url":"https:\/\/mcbc.mc\/en\/conditions-generales-dutilisation\/","name":"Conditions G\u00e9n\u00e9rales d\u2019Utilisation - Monte-Carlo Business Center","isPartOf":{"@id":"https:\/\/mcbc.mc\/en\/#website"},"datePublished":"2019-12-19T08:47:31+00:00","breadcrumb":{"@id":"https:\/\/mcbc.mc\/en\/conditions-generales-dutilisation\/#breadcrumb"},"inLanguage":"en-US","potentialAction":[{"@type":"ReadAction","target":["https:\/\/mcbc.mc\/en\/conditions-generales-dutilisation\/"]}]},{"@type":"BreadcrumbList","@id":"https:\/\/mcbc.mc\/en\/conditions-generales-dutilisation\/#breadcrumb","itemListElement":[{"@type":"ListItem","position":1,"name":"Accueil","item":"https:\/\/mcbc.mc\/en\/"},{"@type":"ListItem","position":2,"name":"Conditions G\u00e9n\u00e9rales d\u2019Utilisation"}]},{"@type":"WebSite","@id":"https:\/\/mcbc.mc\/en\/#website","url":"https:\/\/mcbc.mc\/en\/","name":"Monte-Carlo Business Center","description":"Just another WordPress site","publisher":{"@id":"https:\/\/mcbc.mc\/en\/#organization"},"potentialAction":[{"@type":"SearchAction","target":{"@type":"EntryPoint","urlTemplate":"https:\/\/mcbc.mc\/en\/?s={search_term_string}"},"query-input":{"@type":"PropertyValueSpecification","valueRequired":true,"valueName":"search_term_string"}}],"inLanguage":"en-US"},{"@type":"Organization","@id":"https:\/\/mcbc.mc\/en\/#organization","name":"Monte-Carlo Business Center","url":"https:\/\/mcbc.mc\/en\/","logo":{"@type":"ImageObject","inLanguage":"en-US","@id":"https:\/\/mcbc.mc\/en\/#\/schema\/logo\/image\/","url":"http:\/\/192.168.128.113\/mcbc.mc\/wp-content\/uploads\/2020\/09\/Logo-Newsletter-MCBC.jpg","contentUrl":"http:\/\/192.168.128.113\/mcbc.mc\/wp-content\/uploads\/2020\/09\/Logo-Newsletter-MCBC.jpg","width":200,"height":110,"caption":"Monte-Carlo Business Center"},"image":{"@id":"https:\/\/mcbc.mc\/en\/#\/schema\/logo\/image\/"},"sameAs":["https:\/\/www.facebook.com\/montecarlobusinesscenter","https:\/\/x.com\/mcbc_monaco","https:\/\/www.instagram.com\/montecarlobusinesscenter\/","https:\/\/www.linkedin.com\/company\/34886724\/"]}]}},"_links":{"self":[{"href":"https:\/\/mcbc.mc\/en\/wp-json\/wp\/v2\/pages\/15168","targetHints":{"allow":["GET"]}}],"collection":[{"href":"https:\/\/mcbc.mc\/en\/wp-json\/wp\/v2\/pages"}],"about":[{"href":"https:\/\/mcbc.mc\/en\/wp-json\/wp\/v2\/types\/page"}],"author":[{"embeddable":true,"href":"https:\/\/mcbc.mc\/en\/wp-json\/wp\/v2\/users\/1"}],"replies":[{"embeddable":true,"href":"https:\/\/mcbc.mc\/en\/wp-json\/wp\/v2\/comments?post=15168"}],"version-history":[{"count":0,"href":"https:\/\/mcbc.mc\/en\/wp-json\/wp\/v2\/pages\/15168\/revisions"}],"wp:attachment":[{"href":"https:\/\/mcbc.mc\/en\/wp-json\/wp\/v2\/media?parent=15168"}],"curies":[{"name":"wp","href":"https:\/\/api.w.org\/{rel}","templated":true}]}}